{"id":3798,"date":"2023-07-14T19:23:53","date_gmt":"2023-07-14T19:23:53","guid":{"rendered":"https:\/\/labendiciondeoccidente.com\/?page_id=3798"},"modified":"2024-09-14T19:02:07","modified_gmt":"2024-09-14T19:02:07","slug":"quienes-somos","status":"publish","type":"page","link":"https:\/\/labendiciondeoccidente.com\/index.php\/quienes-somos\/","title":{"rendered":"Qui\u00e9nes Somos"},"content":{"rendered":"\n<h2 class=\"wp-block-gutenverse-heading guten-element guten-4A07LX animated guten-element-hide desktop-fadeInUp\" id=\"Nosotros\"><\/h2>\n\n\n\n<figure class=\"guten-element guten-video guten-oazfnP\"><div class=\"guten-video-wrapper\" data-property=\"{&quot;url&quot;:&quot;https:\/\/www.youtube.com\/watch?v=vM0rrwReonI&quot;,&quot;class&quot;:&quot;guten-video-background&quot;,&quot;width&quot;:&quot;76%&quot;,&quot;height&quot;:&quot;500px&quot;,&quot;controls&quot;:true,&quot;playsinline&quot;:true,&quot;style&quot;:{},&quot;config&quot;:{&quot;youtube&quot;:{&quot;playerVars&quot;:{}}}}\"><\/div><\/figure>\n\n\n\n<h2 class=\"wp-block-gutenverse-heading guten-element guten-Q5We29\">Nosotros<\/h2>\n\n\n\n<p class=\"has-text-align-center\">Somos una empresa con m\u00e1s de 21 a\u00f1os en el mercado guatemalteco, enfocada a la importaci\u00f3n y comercializaci\u00f3n de productos cer\u00e1micos, de forma mayorista y minorista, queremos darle a nuestros clientes una manera diferente de ver su hogar, ofreci\u00e9ndole productos de alta calidad con un precio accesible, una asesor\u00eda completa de los productos que desea obtener y una alta gama de pisos, ba\u00f1os, jacuzzis etc. para la construcci\u00f3n o remodelaci\u00f3n de su hogar.<\/p>\n\n\n\n<h2 class=\"wp-block-gutenverse-heading guten-element guten-iGkjT6\">Misi\u00f3n<\/h2>\n\n\n\n<p class=\"has-text-align-center\">Ser una empresa dedicada en brindarte el mejor asesoramiento en la compra de tus pisos y ofrecerte los mejores productos<\/p>\n\n\n\n<h2 class=\"wp-block-gutenverse-heading guten-element guten-MXjej2\">Visi\u00f3n<\/h2>\n\n\n\n<p class=\"has-text-align-center\">Poder ser parte de cada proyecto que emprendas, diferenci\u00e1ndonos cada vez m\u00e1s en calidad y servicio.<\/p>\n\n\n\n<figure class=\"guten-element guten-video guten-9qKQMD\"><div class=\"guten-video-wrapper\" data-property=\"{&quot;url&quot;:&quot;https:\/\/youtu.be\/xMWjENWFw4A?feature=shared&quot;,&quot;class&quot;:&quot;guten-video-background&quot;,&quot;width&quot;:&quot;76%&quot;,&quot;height&quot;:&quot;502px&quot;,&quot;controls&quot;:true,&quot;playsinline&quot;:true,&quot;style&quot;:{},&quot;config&quot;:{&quot;youtube&quot;:{&quot;playerVars&quot;:{}}}}\"><\/div><\/figure>\n\n\n\n<h2 class=\"wp-block-gutenverse-heading guten-element guten-voQHG3\">Lo que la gente dice<\/h2>\n\n\n\n<div class=\"guten-element guten-testimonials guten-WNqUX8 style-1 quote-override\"><div class=\"testimonials-list\"><div id=\"guten-WNqUX8\" class=\"swiper-container\" data-loop=\"false\" data-autoplay=\"false\" data-timeout=\"2400\" data-nav=\"false\" data-arrow=\"false\" data-breakpoints=\"{&quot;0&quot;:{&quot;spaceBetween&quot;:10,&quot;slidesPerView&quot;:1},&quot;768&quot;:{&quot;spaceBetween&quot;:10,&quot;slidesPerView&quot;:2},&quot;1024&quot;:{&quot;spaceBetween&quot;:10,&quot;slidesPerView&quot;:3}}\"><div class=\"swiper-wrapper\"><div class=\"swiper-slide\"><div class=\"guten-testimonial-item\"><div class=\"testimonial-box hover-from-left\"><div class=\"testimonial-slider hover-from-left\"><div class=\"comment-bio\"><div class=\"profile-image\"><img decoding=\"async\" src=\"http:\/\/labendiciondeoccidente.com\/wp-content\/uploads\/2023\/07\/2652065_14047-scaled.jpg\" alt=\"Elizabeth Cardona\"\/><\/div><ul class=\"rating-stars\"><\/ul><span class=\"profile-info\"><strong class=\"profile-name\">Elizabeth Cardona<\/strong><p class=\"profile-des\">Cliente Tienda Roosevelt<\/p><\/span><\/div><div class=\"comment-content\"><div class=\" icon-content\"><i aria-hidden=\"true\" class=\"fas fa-quote-left\"><\/i><\/div><p>Es una tienda con pisos muy lindos accesorios para duchas inodoros  y un buen precio<\/p><\/div><\/div><\/div><\/div><\/div><div class=\"swiper-slide\"><div class=\"guten-testimonial-item\"><div class=\"testimonial-box hover-from-left\"><div class=\"testimonial-slider hover-from-left\"><div class=\"comment-bio\"><div class=\"profile-image\"><img decoding=\"async\" src=\"http:\/\/labendiciondeoccidente.com\/wp-content\/uploads\/2023\/07\/2652064_14046-scaled.jpg\" alt=\"Edwin L\u00f3pez\"\/><\/div><ul class=\"rating-stars\"><\/ul><span class=\"profile-info\"><strong class=\"profile-name\">Edwin L\u00f3pez<\/strong><p class=\"profile-des\">Cliente Tienda Aeropuerto<\/p><\/span><\/div><div class=\"comment-content\"><div class=\" icon-content\"><i aria-hidden=\"true\" class=\"fas fa-quote-left\"><\/i><\/div><p>Excelente atenci\u00f3n,  desde nuestra llegada al estacionamiento,  los amigos agentes de seguridad nos dieron la bienvenida,  nos ofrecieron mascarillas ( algo que no se ve en Guatemala), nos ofrecieron caf\u00e9, sin importar que aun no compr\u00e1bamos,  buenos productos y gracias a Dios compr\u00e1bamos algunas cosas para la casa. Felicidades a la administraci\u00f3n y su equipo de trabajo,  bendiciones<\/p><\/div><\/div><\/div><\/div><\/div><div class=\"swiper-slide\"><div class=\"guten-testimonial-item\"><div class=\"testimonial-box hover-from-left\"><div class=\"testimonial-slider hover-from-left\"><div class=\"comment-bio\"><div class=\"profile-image\"><img decoding=\"async\" src=\"http:\/\/labendiciondeoccidente.com\/wp-content\/uploads\/2023\/07\/35347827_avatar_icon001-scaled.jpg\" alt=\"Thelma Hernandez\"\/><\/div><ul class=\"rating-stars\"><\/ul><span class=\"profile-info\"><strong class=\"profile-name\">Thelma Hernandez<\/strong><p class=\"profile-des\">Cliente Tienda San Crist\u00f3bal<\/p><\/span><\/div><div class=\"comment-content\"><div class=\" icon-content\"><i aria-hidden=\"true\" class=\"fas fa-quote-left\"><\/i><\/div><p>Muy bueno \ud83d\udc4clo recomiendo\u2026<\/p><\/div><\/div><\/div><\/div><\/div><div class=\"swiper-slide\"><div class=\"guten-testimonial-item\"><div class=\"testimonial-box hover-from-left\"><div class=\"testimonial-slider hover-from-left\"><div class=\"comment-bio\"><div class=\"profile-image\"><img decoding=\"async\" src=\"http:\/\/labendiciondeoccidente.com\/wp-content\/uploads\/2023\/07\/2651713_14044-scaled.jpg\" alt=\"Francisco Rivera\"\/><\/div><ul class=\"rating-stars\"><\/ul><span class=\"profile-info\"><strong class=\"profile-name\">Francisco Rivera<\/strong><p class=\"profile-des\">Cliente Tienda Quetzaltenango<\/p><\/span><\/div><div class=\"comment-content\"><div class=\" icon-content\"><i aria-hidden=\"true\" class=\"fas fa-quote-left\"><\/i><\/div><p>Buena atenci\u00f3n, variedad de cer\u00e1micos y azulejos precios regular, recomendable para quien quiere cotizar o encontrar variedad de marcas y estilos<\/p><\/div><\/div><\/div><\/div><\/div><\/div><\/div><\/div><\/div>\n","protected":false},"excerpt":{"rendered":"<p>Somos una empresa con m\u00e1s de 21 a\u00f1os en el mercado guatemalteco, enfocada a la importaci\u00f3n y comercializaci\u00f3n de productos cer\u00e1micos, de forma mayorista y minorista, queremos darle a nuestros clientes una manera diferente de ver su hogar, ofreci\u00e9ndole productos de alta calidad con un precio accesible, una asesor\u00eda completa de los productos que desea obtener y una alta gama de pisos, ba\u00f1os, jacuzzis etc. para la construcci\u00f3n o remodelaci\u00f3n de su hogar. Ser una empresa dedicada en brindarte el mejor asesoramiento en la compra de tus pisos y ofrecerte los mejores productos Poder ser parte de cada proyecto que<\/p>\n","protected":false},"author":1,"featured_media":0,"parent":0,"menu_order":0,"comment_status":"closed","ping_status":"closed","template":"","meta":{"footnotes":""},"class_list":["post-3798","page","type-page","status-publish","hentry"],"_links":{"self":[{"href":"https:\/\/labendiciondeoccidente.com\/index.php\/wp-json\/wp\/v2\/pages\/3798","targetHints":{"allow":["GET"]}}],"collection":[{"href":"https:\/\/labendiciondeoccidente.com\/index.php\/wp-json\/wp\/v2\/pages"}],"about":[{"href":"https:\/\/labendiciondeoccidente.com\/index.php\/wp-json\/wp\/v2\/types\/page"}],"author":[{"embeddable":true,"href":"https:\/\/labendiciondeoccidente.com\/index.php\/wp-json\/wp\/v2\/users\/1"}],"replies":[{"embeddable":true,"href":"https:\/\/labendiciondeoccidente.com\/index.php\/wp-json\/wp\/v2\/comments?post=3798"}],"version-history":[{"count":12,"href":"https:\/\/labendiciondeoccidente.com\/index.php\/wp-json\/wp\/v2\/pages\/3798\/revisions"}],"predecessor-version":[{"id":6592,"href":"https:\/\/labendiciondeoccidente.com\/index.php\/wp-json\/wp\/v2\/pages\/3798\/revisions\/6592"}],"wp:attachment":[{"href":"https:\/\/labendiciondeoccidente.com\/index.php\/wp-json\/wp\/v2\/media?parent=3798"}],"curies":[{"name":"wp","href":"https:\/\/api.w.org\/{rel}","templated":true}]}}